{"id":28,"date":"2017-04-08T14:01:35","date_gmt":"2017-04-08T12:01:35","guid":{"rendered":"http:\/\/cajonweb.dev\/?post_type=product&#038;p=28"},"modified":"2018-07-09T19:57:38","modified_gmt":"2018-07-09T17:57:38","slug":"cajon-in-de-popmuziek","status":"publish","type":"product","link":"https:\/\/www.cajonweb.com\/es\/product\/cajon-in-de-popmuziek\/","title":{"rendered":"Caj\u00f3n in Rockmusic (libro + dvd)"},"content":{"rendered":"<p><\/p>\n<p>El libro + DVD Caj\u00f3n en Popmusic puede llamarse un n\u00famero de \u00e9xito con m\u00e1s de 1000 copias, mejor a\u00fan: m\u00e1s de 1000 usuarios satisfechos.<\/p>\n<p>El curso de caj\u00f3n es para el percusionista novato y el m\u00e1s experimentado. Para alguien que ya est\u00e1 involucrado con la percusi\u00f3n de una forma u otra, habr\u00e1 un mont\u00f3n de reconocibilidad. Sin embargo, el libro tambi\u00e9n proporciona est\u00edmulos suficientes para \u00e9l debido a la gran cantidad de informaci\u00f3n y las desafiantes cifras del metr\u00f3nomo.<\/p>\n<p>Paso a paso<br \/>\nEn el libro encontrar\u00e1 instrucciones claras e instructivas para comenzar usted mismo. El curso consta de siete cap\u00edtulos. Cada cap\u00edtulo est\u00e1 dividido en temas. Durante el curso, se hacen varias referencias a los temas que se discutieron anteriormente. Desarrollas nuevas t\u00e9cnicas y surcos paso a paso.<\/p>\n<p>Ejemplos de canciones se pueden encontrar en abundancia. Los surcos simplemente se muestran con un sistema de notaci\u00f3n recientemente dise\u00f1ado e invitan a jugar desde la primera p\u00e1gina.<br \/>\nNo hay notaci\u00f3n inc\u00f3moda, as\u00ed que tienes que esforzarte: el trazo acentuado est\u00e1 representado por una bomba, el ligero golpe con la yema del dedo. Cuando hojeas el libro, inmediatamente entiendes lo que significa.<br \/>\nDespu\u00e9s del curso sabr\u00e1 qu\u00e9 groove se puede tocar mejor con muchos estilos de m\u00fasica.<\/p>\n<p>El libro incluye un DVD con grabaciones hechas principalmente al aire libre m\u00e1s bellas im\u00e1genes de estudio dise\u00f1adas. Los ejemplos de canciones y ejercicios de este libro se reproducen principalmente a tres tiempos: a la mitad de la velocidad, a las tres cuartas partes de la velocidad y a la velocidad original.<\/p>\n<p>&nbsp;<\/p>\n<p><iframe loading=\"lazy\" title=\"Cajon in Rock Music.\" width=\"640\" height=\"360\" src=\"https:\/\/www.youtube.com\/embed\/qUMHJysWXGk?start=3&#038;feature=oembed\" frameborder=\"0\" allow=\"accelerometer; autoplay; clipboard-write; encrypted-media; gyroscope; picture-in-picture; web-share\" referrerpolicy=\"strict-origin-when-cross-origin\" allowfullscreen><\/iframe><\/p>\n<p><\/p>","protected":false},"excerpt":{"rendered":"<p>El libro + DVD Caj\u00f3n en Popmusic puede llamarse un n\u00famero de \u00e9xito con m\u00e1s de 1000 copias, mejor a\u00fan: m\u00e1s de 1000 usuarios satisfechos. El curso de caj\u00f3n es&#8230;<\/p>\n<p><a class=\"btn btn-primary understrap-read-more-link text-center\" href=\"https:\/\/www.cajonweb.com\/es\/product\/cajon-in-de-popmuziek\/\">Lees verder<\/a><\/p>\n","protected":false},"featured_media":12,"template":"","meta":{"_exactmetrics_skip_tracking":false,"_exactmetrics_sitenote_active":false,"_exactmetrics_sitenote_note":"","_exactmetrics_sitenote_category":0},"product_brand":[],"product_cat":[17],"product_tag":[],"class_list":{"0":"post-28","1":"product","2":"type-product","3":"status-publish","4":"has-post-thumbnail","6":"product_cat-geen-categorie","8":"first","9":"instock","10":"taxable","11":"shipping-taxable","12":"purchasable","13":"product-type-simple"},"_links":{"self":[{"href":"https:\/\/www.cajonweb.com\/es\/wp-json\/wp\/v2\/product\/28","targetHints":{"allow":["GET"]}}],"collection":[{"href":"https:\/\/www.cajonweb.com\/es\/wp-json\/wp\/v2\/product"}],"about":[{"href":"https:\/\/www.cajonweb.com\/es\/wp-json\/wp\/v2\/types\/product"}],"wp:featuredmedia":[{"embeddable":true,"href":"https:\/\/www.cajonweb.com\/es\/wp-json\/wp\/v2\/media\/12"}],"wp:attachment":[{"href":"https:\/\/www.cajonweb.com\/es\/wp-json\/wp\/v2\/media?parent=28"}],"wp:term":[{"taxonomy":"product_brand","embeddable":true,"href":"https:\/\/www.cajonweb.com\/es\/wp-json\/wp\/v2\/product_brand?post=28"},{"taxonomy":"product_cat","embeddable":true,"href":"https:\/\/www.cajonweb.com\/es\/wp-json\/wp\/v2\/product_cat?post=28"},{"taxonomy":"product_tag","embeddable":true,"href":"https:\/\/www.cajonweb.com\/es\/wp-json\/wp\/v2\/product_tag?post=28"}],"curies":[{"name":"wp","href":"https:\/\/api.w.org\/{rel}","templated":true}]}}