{"id":53,"date":"2017-04-27T18:35:45","date_gmt":"2017-04-27T16:35:45","guid":{"rendered":"http:\/\/cajonweb.dev\/?page_id=53"},"modified":"2018-02-09T22:02:01","modified_gmt":"2018-02-09T21:02:01","slug":"workshops","status":"publish","type":"page","link":"https:\/\/www.cajonweb.com\/es\/workshops\/","title":{"rendered":"Talleres"},"content":{"rendered":"<p><\/p>\n<p>Con un taller de Caj\u00f3n de Peter Deiman obtienes un acto mundial. Los ritmos de todo el mundo suenan como una campana en el caj\u00f3n.<\/p>\n<p>Ya sea peruano, espa\u00f1ol, africano, sudamericano o un buen popgroove. En un momento en masa, un ritmo interpretado por todo el grupo, diferentes ritmos momento despu\u00e9s jugado simult\u00e1neamente por diferentes grupos.<\/p>\n<p>Todo, paso a paso, ensayado hasta que las ranuras se desplieguen suavemente. Con una maleta llena de peque\u00f1os instrumentos de percusi\u00f3n aut\u00e9nticos, las piezas de juego se decoran a\u00fan m\u00e1s.<br \/>\n Eye-catcher es la mand\u00edbula de burro peruana original. Los talleres se intercalan con fragmentos musicales y trozos de pel\u00edcula de c\u00f3mo el ejemplo de la patria caj\u00f3n Per\u00fa a cada uno.<\/p>\n<p>Peter Deiman tiene talleres especiales para 20 cajones peruanos puros, hechos a mano por el famoso constructor Pedro Rodriquez de Lima.<\/p>\n<p>En los \u00faltimos a\u00f1os lo hizo Pedro Deiman cientos de talleres para ni\u00f1os, estudiantes y adultos, a trav\u00e9s de, entre otros lados, CQ Emmen, NTM-percusi\u00f3n Assen, cuidado de la salud mental, movimiento art\u00edstico, Muzerie Zwolle, Artez Enschede, Amer, VANCORE Joure, Penitenciar\u00eda Veenhuizen, ICO Assen y compa\u00f1\u00edas como Ardagh.<\/p>\n<p>Interesado?<\/p>\n<p><a href=\"http:\/\/wordpress-pog0g00ss0sk04kkc4gs88ko.91.107.234.22.sslip.io\/contact\/\">Cont\u00e1ctanos sobre<\/a> las posibilidades del taller.<\/p>\n<p>&nbsp;<\/p>\n<p><img loading=\"lazy\" decoding=\"async\" class=\"alignnone size-medium wp-image-213\" style=\"font-family: -apple-system, system-ui, BlinkMacSystemFont, 'Segoe UI', Roboto, 'Helvetica Neue', Arial, sans-serif; font-size: 1rem;\" src=\"https:\/\/www.jeast.nl\/cajonweb\/wp-content\/uploads\/2017\/04\/CarmelcollegeEindpresentatie-IrisSijbom2017-small-21-300x200.jpg\" alt=\"workshop carmel college\" width=\"300\" height=\"200\" srcset=\"https:\/\/www.cajonweb.com\/wp-content\/uploads\/2017\/04\/CarmelcollegeEindpresentatie-IrisSijbom2017-small-21-300x200.jpg 300w, https:\/\/www.cajonweb.com\/wp-content\/uploads\/2017\/04\/CarmelcollegeEindpresentatie-IrisSijbom2017-small-21-600x400.jpg 600w, https:\/\/www.cajonweb.com\/wp-content\/uploads\/2017\/04\/CarmelcollegeEindpresentatie-IrisSijbom2017-small-21-768x512.jpg 768w, https:\/\/www.cajonweb.com\/wp-content\/uploads\/2017\/04\/CarmelcollegeEindpresentatie-IrisSijbom2017-small-21-1024x682.jpg 1024w, https:\/\/www.cajonweb.com\/wp-content\/uploads\/2017\/04\/CarmelcollegeEindpresentatie-IrisSijbom2017-small-21.jpg 2000w\" sizes=\"auto, (max-width: 300px) 100vw, 300px\" \/><\/p>\n<p><\/p>","protected":false},"excerpt":{"rendered":"<p>Con un taller de Caj\u00f3n de Peter Deiman obtienes un acto mundial. Los ritmos de todo el mundo suenan como una campana en el caj\u00f3n. Ya sea peruano, espa\u00f1ol, africano,&#8230;<\/p>\n<p><a class=\"btn btn-primary understrap-read-more-link text-center\" href=\"https:\/\/www.cajonweb.com\/es\/workshops\/\">Lees verder<\/a><\/p>\n","protected":false},"author":1,"featured_media":0,"parent":0,"menu_order":0,"comment_status":"closed","ping_status":"closed","template":"page-templates\/right-sidebarpage.php","meta":{"_exactmetrics_skip_tracking":false,"_exactmetrics_sitenote_active":false,"_exactmetrics_sitenote_note":"","_exactmetrics_sitenote_category":0,"footnotes":""},"class_list":["post-53","page","type-page","status-publish","hentry"],"_links":{"self":[{"href":"https:\/\/www.cajonweb.com\/es\/wp-json\/wp\/v2\/pages\/53","targetHints":{"allow":["GET"]}}],"collection":[{"href":"https:\/\/www.cajonweb.com\/es\/wp-json\/wp\/v2\/pages"}],"about":[{"href":"https:\/\/www.cajonweb.com\/es\/wp-json\/wp\/v2\/types\/page"}],"author":[{"embeddable":true,"href":"https:\/\/www.cajonweb.com\/es\/wp-json\/wp\/v2\/users\/1"}],"replies":[{"embeddable":true,"href":"https:\/\/www.cajonweb.com\/es\/wp-json\/wp\/v2\/comments?post=53"}],"version-history":[{"count":26,"href":"https:\/\/www.cajonweb.com\/es\/wp-json\/wp\/v2\/pages\/53\/revisions"}],"predecessor-version":[{"id":756,"href":"https:\/\/www.cajonweb.com\/es\/wp-json\/wp\/v2\/pages\/53\/revisions\/756"}],"wp:attachment":[{"href":"https:\/\/www.cajonweb.com\/es\/wp-json\/wp\/v2\/media?parent=53"}],"curies":[{"name":"wp","href":"https:\/\/api.w.org\/{rel}","templated":true}]}}