{"id":233,"date":"2017-07-23T22:01:45","date_gmt":"2017-07-23T20:01:45","guid":{"rendered":"http:\/\/cajonweb.dev\/?page_id=233"},"modified":"2022-02-02T10:08:01","modified_gmt":"2022-02-02T09:08:01","slug":"over-cajonweb","status":"publish","type":"page","link":"https:\/\/www.cajonweb.com\/es\/over-cajonweb\/","title":{"rendered":"Acerca de Cajonweb"},"content":{"rendered":"<p><\/p>\n<p>\n<span style=\"font-size: 12pt\"><strong>DISCULPE.\u00a0El libro y el DVD NO est\u00e1n disponibles en espa\u00f1ol.<\/strong><\/span><br \/>\nFreedom Caj\u00f3n Drums (Peter Deiman y Dinant Dekker) comenz\u00f3 en 2006 como VOF con la publicaci\u00f3n del libro + DVD Caj\u00f3n en Popmusic y la venta del Freedom Caj\u00f3n. Unos a\u00f1os m\u00e1s tarde, apareci\u00f3 la segunda edici\u00f3n <a href=\"http:\/\/wordpress-pog0g00ss0sk04kkc4gs88ko.91.107.234.22.sslip.io\/product\/cajon-in-de-popmuziek\/\">del libro con un nuevo DVD<\/a>, que tambi\u00e9n estaba disponible en ingl\u00e9s y alem\u00e1n a partir de ese momento. Rechazamos la venta de cajones debido al gran n\u00famero de puntos de venta (en l\u00ednea) de todo tipo de cajones.<\/p>\n<p>Organizamos cinco festivales de caj\u00f3n con invitados internacionales, como Xavi Turull, Alex Acu\u00f1a, Roger Blavia, David Mortara y Pete Lockett. Complementado por m\u00fasicos como Alides Hidding, Frederique Spigt, Jan van der Meij, Syb van der Ploeg, Dilana, Erwin Nyhoff, Cesar Zuiderwijk y bandas como Marathon Men y LSB Experience. Y, por supuesto, siempre de la fiesta: Margaretha Kleine y Caj\u00f3nggroup Peter Deiman.<\/p>\n<p>En la primavera de 2018, las ventas de libros se transfirieron a la compa\u00f1\u00eda Peter: Peter Pen Music and Text Productions.<\/p>\n<p>Peter Pen Muziek- en Tekstproducties<\/p>\n<p>Allee 16<\/p>\n<p>7811 GM EMMEN<\/p>\n<p>HOLLAND<\/p>\n<p>telefoon: +31 6 15 234 852<\/p>\n<p>email: peterpen@ziggo.nl<\/p>\n<p>website: www.cajonweb.com<\/p>\n<p>bank: NL05 INGB 0002 646672<\/p>\n<p>k.v.k.: 04082429<\/p>\n<p>btw-nr: NL.1080.88.182 B.01<\/p>\n<p><\/p>","protected":false},"excerpt":{"rendered":"<p>DISCULPE.\u00a0El libro y el DVD NO est\u00e1n disponibles en espa\u00f1ol. Freedom Caj\u00f3n Drums (Peter Deiman y Dinant Dekker) comenz\u00f3 en 2006 como VOF con la publicaci\u00f3n del libro + DVD&#8230;<\/p>\n<p><a class=\"btn btn-primary understrap-read-more-link text-center\" href=\"https:\/\/www.cajonweb.com\/es\/over-cajonweb\/\">Lees verder<\/a><\/p>\n","protected":false},"author":1,"featured_media":0,"parent":0,"menu_order":0,"comment_status":"closed","ping_status":"closed","template":"page-templates\/right-sidebarpage.php","meta":{"_exactmetrics_skip_tracking":false,"_exactmetrics_sitenote_active":false,"_exactmetrics_sitenote_note":"","_exactmetrics_sitenote_category":0,"footnotes":""},"class_list":["post-233","page","type-page","status-publish","hentry"],"_links":{"self":[{"href":"https:\/\/www.cajonweb.com\/es\/wp-json\/wp\/v2\/pages\/233","targetHints":{"allow":["GET"]}}],"collection":[{"href":"https:\/\/www.cajonweb.com\/es\/wp-json\/wp\/v2\/pages"}],"about":[{"href":"https:\/\/www.cajonweb.com\/es\/wp-json\/wp\/v2\/types\/page"}],"author":[{"embeddable":true,"href":"https:\/\/www.cajonweb.com\/es\/wp-json\/wp\/v2\/users\/1"}],"replies":[{"embeddable":true,"href":"https:\/\/www.cajonweb.com\/es\/wp-json\/wp\/v2\/comments?post=233"}],"version-history":[{"count":17,"href":"https:\/\/www.cajonweb.com\/es\/wp-json\/wp\/v2\/pages\/233\/revisions"}],"predecessor-version":[{"id":1140,"href":"https:\/\/www.cajonweb.com\/es\/wp-json\/wp\/v2\/pages\/233\/revisions\/1140"}],"wp:attachment":[{"href":"https:\/\/www.cajonweb.com\/es\/wp-json\/wp\/v2\/media?parent=233"}],"curies":[{"name":"wp","href":"https:\/\/api.w.org\/{rel}","templated":true}]}}