{"id":53,"date":"2017-04-27T18:35:45","date_gmt":"2017-04-27T16:35:45","guid":{"rendered":"http:\/\/cajonweb.dev\/?page_id=53"},"modified":"2018-02-09T22:02:01","modified_gmt":"2018-02-09T21:02:01","slug":"workshops","status":"publish","type":"page","link":"https:\/\/www.cajonweb.com\/de\/workshops\/","title":{"rendered":"Workshops"},"content":{"rendered":"<p><\/p>\n<p>Mit einem Caj\u00f3n Workshop von Peter Deiman bekommen Sie einen weltweiten Auftritt. Rhythmen aus aller Welt klingen wie eine Glocke auf der Caj\u00f3n.<\/p>\n<p>Ob peruanisch, spanisch, afrikanisch, s\u00fcdamerikanisch oder eine nette Popgroove. In einem Moment ist es massenhaft, ein Rhythmus wird von der ganzen Gruppe gespielt, etwas sp\u00e4ter werden verschiedene Rhythmen von verschiedenen Gruppen gleichzeitig gespielt.<\/p>\n<p>Alles wird Schritt f\u00fcr Schritt geprobt, bis die Grooves reibungslos ausrollen. Mit einem Koffer voller authentischer kleiner Perkussionsinstrumente sind die Spielfiguren weiter verziert.<br \/>\n Blickfang ist der urspr\u00fcngliche peruanische Eselkiefer. Die Werkst\u00e4tten sind gespickt mit Musikfragmenten und Filmst\u00fccken, etwa dar\u00fcber, wie es in Caj\u00f3ns Heimatland Peru weitergeht.<\/p>\n<p>Peter Deiman hat spezielle Workshops f\u00fcr 20 reine peruanische Caj\u00f3ns, die von dem ber\u00fchmten Baumeister Pedro Rodriquez aus Lima f\u00fcr ihn handgefertigt wurden.<\/p>\n<p>In den letzten Jahren hat Peter Deiman Hunderte von Workshops Kinder, Studenten und Erwachsene, durch unter anderem sided, CQ Emmen, NTM-Percussion Assen, die psychische Gesundheitsf\u00fcrsorge, Kunstbewegung, Muzerie Zwolle, Artez Enschede, Amer, Vancore Joure, Penitentiary Veenhuizen, ICO Assen und Unternehmen wie Ardagh.<\/p>\n<p>Interessiert?<\/p>\n<p><a href=\"http:\/\/wordpress-pog0g00ss0sk04kkc4gs88ko.91.107.234.22.sslip.io\/contact\/\">Kontaktieren Sie uns<\/a> wegen der M\u00f6glichkeiten des Workshops.<\/p>\n<p>&nbsp;<\/p>\n<p><img loading=\"lazy\" decoding=\"async\" class=\"alignnone size-medium wp-image-213\" style=\"font-family: -apple-system, system-ui, BlinkMacSystemFont, 'Segoe UI', Roboto, 'Helvetica Neue', Arial, sans-serif; font-size: 1rem;\" src=\"https:\/\/www.jeast.nl\/cajonweb\/wp-content\/uploads\/2017\/04\/CarmelcollegeEindpresentatie-IrisSijbom2017-small-21-300x200.jpg\" alt=\"workshop carmel college\" width=\"300\" height=\"200\" srcset=\"https:\/\/www.cajonweb.com\/wp-content\/uploads\/2017\/04\/CarmelcollegeEindpresentatie-IrisSijbom2017-small-21-300x200.jpg 300w, https:\/\/www.cajonweb.com\/wp-content\/uploads\/2017\/04\/CarmelcollegeEindpresentatie-IrisSijbom2017-small-21-600x400.jpg 600w, https:\/\/www.cajonweb.com\/wp-content\/uploads\/2017\/04\/CarmelcollegeEindpresentatie-IrisSijbom2017-small-21-768x512.jpg 768w, https:\/\/www.cajonweb.com\/wp-content\/uploads\/2017\/04\/CarmelcollegeEindpresentatie-IrisSijbom2017-small-21-1024x682.jpg 1024w, https:\/\/www.cajonweb.com\/wp-content\/uploads\/2017\/04\/CarmelcollegeEindpresentatie-IrisSijbom2017-small-21.jpg 2000w\" sizes=\"auto, (max-width: 300px) 100vw, 300px\" \/><\/p>\n<p><\/p>","protected":false},"excerpt":{"rendered":"<p>Mit einem Caj\u00f3n Workshop von Peter Deiman bekommen Sie einen weltweiten Auftritt. Rhythmen aus aller Welt klingen wie eine Glocke auf der Caj\u00f3n. Ob peruanisch, spanisch, afrikanisch, s\u00fcdamerikanisch oder eine&#8230;<\/p>\n<p><a class=\"btn btn-primary understrap-read-more-link text-center\" href=\"https:\/\/www.cajonweb.com\/de\/workshops\/\">Lees verder<\/a><\/p>\n","protected":false},"author":1,"featured_media":0,"parent":0,"menu_order":0,"comment_status":"closed","ping_status":"closed","template":"page-templates\/right-sidebarpage.php","meta":{"_exactmetrics_skip_tracking":false,"_exactmetrics_sitenote_active":false,"_exactmetrics_sitenote_note":"","_exactmetrics_sitenote_category":0,"footnotes":""},"class_list":["post-53","page","type-page","status-publish","hentry"],"_links":{"self":[{"href":"https:\/\/www.cajonweb.com\/de\/wp-json\/wp\/v2\/pages\/53","targetHints":{"allow":["GET"]}}],"collection":[{"href":"https:\/\/www.cajonweb.com\/de\/wp-json\/wp\/v2\/pages"}],"about":[{"href":"https:\/\/www.cajonweb.com\/de\/wp-json\/wp\/v2\/types\/page"}],"author":[{"embeddable":true,"href":"https:\/\/www.cajonweb.com\/de\/wp-json\/wp\/v2\/users\/1"}],"replies":[{"embeddable":true,"href":"https:\/\/www.cajonweb.com\/de\/wp-json\/wp\/v2\/comments?post=53"}],"version-history":[{"count":26,"href":"https:\/\/www.cajonweb.com\/de\/wp-json\/wp\/v2\/pages\/53\/revisions"}],"predecessor-version":[{"id":756,"href":"https:\/\/www.cajonweb.com\/de\/wp-json\/wp\/v2\/pages\/53\/revisions\/756"}],"wp:attachment":[{"href":"https:\/\/www.cajonweb.com\/de\/wp-json\/wp\/v2\/media?parent=53"}],"curies":[{"name":"wp","href":"https:\/\/api.w.org\/{rel}","templated":true}]}}