{"id":233,"date":"2017-07-23T22:01:45","date_gmt":"2017-07-23T20:01:45","guid":{"rendered":"http:\/\/cajonweb.dev\/?page_id=233"},"modified":"2022-02-02T10:08:01","modified_gmt":"2022-02-02T09:08:01","slug":"over-cajonweb","status":"publish","type":"page","link":"https:\/\/www.cajonweb.com\/de\/over-cajonweb\/","title":{"rendered":"\u00dcber Cajonweb"},"content":{"rendered":"<p><\/p>\n<p>Freedom Cajon Drums (Peter Deiman und Dinant Dekker) begann 2006 mit der VOF Ausgabe des Buches + DVD Caj\u00f3n im Pop und die Freedom Caj\u00f3n zu verkaufen. Einige Jahre sp\u00e4ter erschien die zweite Ausgabe <a href=\"http:\/\/wordpress-pog0g00ss0sk04kkc4gs88ko.91.107.234.22.sslip.io\/product\/cajon-in-de-popmuziek\/\">des Buches mit neuer DVD<\/a>, die ab diesem Zeitpunkt auch in Englisch und Deutsch erh\u00e4ltlich war. Wir haben den Verkauf von Cajones wegen der mittlerweile gro\u00dfen Anzahl von (Online-) Verkaufsstellen von Cajones aller Art abgelehnt.<\/p>\n<p>Wir organisierten f\u00fcnf caj\u00f3nfestivals mit internationalen G\u00e4sten wie Xavi Turull, Alex Acu\u00f1a, Roger Blavia, David Mortara und Pete Lockett. Erg\u00e4nzt mit Musikern wie Alides Hidding, Frederique Spigt, Jan van der Meij, Syb van der Ploeg, Dilana, Erwin Nyhoff, Cesar Zuiderwijk und Bands wie Marathon M\u00e4nner und LSB Erfahrung. Und nat\u00fcrlich immer von der Party: Margaretha Kleine und die Caj\u00f3ngroup Peter Deiman.<\/p>\n<p>Das Buch beweist immer wieder seine St\u00e4rke. Die Caj\u00f3n-Workshops von Peter sind ein Hit.\u00a0Im Fr\u00fchjahr 2018 wurde der Buchverkauf an die Firma Peter \u00fcbertragen: Peter Pen Music und Text Productions.<\/p>\n<p>Peter Pen Muziek- en Tekstproducties<\/p>\n<p>Allee 16<\/p>\n<p>7811 GM EMMEN<\/p>\n<p>HOLLAND<\/p>\n<p>telefoon: +31 6 15 234 852<\/p>\n<p>email: peterpen@ziggo.nl<\/p>\n<p>website: www.cajonweb.com<\/p>\n<p>bank: NL05 INGB 0002 646672<\/p>\n<p>k.v.k.: 04082429<\/p>\n<p>btw-nr: NL.1080.88.182 B.01<\/p>\n<p><\/p>","protected":false},"excerpt":{"rendered":"<p>Freedom Cajon Drums (Peter Deiman und Dinant Dekker) begann 2006 mit der VOF Ausgabe des Buches + DVD Caj\u00f3n im Pop und die Freedom Caj\u00f3n zu verkaufen. Einige Jahre sp\u00e4ter&#8230;<\/p>\n<p><a class=\"btn btn-primary understrap-read-more-link text-center\" href=\"https:\/\/www.cajonweb.com\/de\/over-cajonweb\/\">Lees verder<\/a><\/p>\n","protected":false},"author":1,"featured_media":0,"parent":0,"menu_order":0,"comment_status":"closed","ping_status":"closed","template":"page-templates\/right-sidebarpage.php","meta":{"_exactmetrics_skip_tracking":false,"_exactmetrics_sitenote_active":false,"_exactmetrics_sitenote_note":"","_exactmetrics_sitenote_category":0,"footnotes":""},"class_list":["post-233","page","type-page","status-publish","hentry"],"_links":{"self":[{"href":"https:\/\/www.cajonweb.com\/de\/wp-json\/wp\/v2\/pages\/233","targetHints":{"allow":["GET"]}}],"collection":[{"href":"https:\/\/www.cajonweb.com\/de\/wp-json\/wp\/v2\/pages"}],"about":[{"href":"https:\/\/www.cajonweb.com\/de\/wp-json\/wp\/v2\/types\/page"}],"author":[{"embeddable":true,"href":"https:\/\/www.cajonweb.com\/de\/wp-json\/wp\/v2\/users\/1"}],"replies":[{"embeddable":true,"href":"https:\/\/www.cajonweb.com\/de\/wp-json\/wp\/v2\/comments?post=233"}],"version-history":[{"count":17,"href":"https:\/\/www.cajonweb.com\/de\/wp-json\/wp\/v2\/pages\/233\/revisions"}],"predecessor-version":[{"id":1140,"href":"https:\/\/www.cajonweb.com\/de\/wp-json\/wp\/v2\/pages\/233\/revisions\/1140"}],"wp:attachment":[{"href":"https:\/\/www.cajonweb.com\/de\/wp-json\/wp\/v2\/media?parent=233"}],"curies":[{"name":"wp","href":"https:\/\/api.w.org\/{rel}","templated":true}]}}